{"id":235,"date":"2018-05-17T22:36:49","date_gmt":"2018-05-17T17:06:49","guid":{"rendered":"https:\/\/weldingantispatterliquidgel.com\/?page_id=235"},"modified":"2018-05-17T22:36:49","modified_gmt":"2018-05-17T17:06:49","slug":"faq","status":"publish","type":"page","link":"https:\/\/weldingantispatterliquidgel.com\/fr\/faq\/","title":{"rendered":"Frequently Asked Questions (FAQ)"},"content":{"rendered":"<p>This is where you should answer the most common questions prospective customers might have. It\u2019s a good idea to cover things like your return policy, product warranty info, shipping and returns, etc. Check out the examples below.<\/p>\n<hr \/>\n<h3>What\u2019s your return policy?<\/h3>\n<p>Return any of our products&#8211;no questions asked&#8211;within 30 days of purchase. We even pay return shipping.<\/p>\n<hr \/>\n<h3>Do you ship oversees and to P.O. boxes?<\/h3>\n<p>Yes, we\u2019ll ship your package anywhere that can accept deliveries.<\/p>\n<hr \/>\n<h3>Do you have customer service?<\/h3>\n<p>Of course! Our friendly and knowledgeable customer services reps are available to answer your questions 24\/7\/365.<\/p>\n","protected":false},"excerpt":{"rendered":"<p>This is where you should answer the most common questions prospective customers might have. It\u2019s a good idea to cover&hellip;<\/p>\n","protected":false},"author":1,"featured_media":0,"parent":0,"menu_order":0,"comment_status":"closed","ping_status":"closed","template":"","meta":{"footnotes":""},"class_list":["post-235","page","type-page","status-publish","hentry"],"translation":{"provider":"WPGlobus","version":"3.0.2","language":"fr","enabled_languages":["en","es","de","fr","ru"],"languages":{"en":{"title":true,"content":true,"excerpt":false},"es":{"title":false,"content":false,"excerpt":false},"de":{"title":false,"content":false,"excerpt":false},"fr":{"title":false,"content":false,"excerpt":false},"ru":{"title":false,"content":false,"excerpt":false}}},"yoast_head":"<!-- This site is optimized with the Yoast SEO plugin v27.4 - https:\/\/yoast.com\/product\/yoast-seo-wordpress\/ -->\n<title>Frequently Asked Questions (FAQ) - Gel de pulv\u00e9risation liquide anti-\u00e9claboussures de soudure Sans silicone \u00e0 base d&#039;eau S\u00e9curitaire Non polluant<\/title>\n<meta name=\"robots\" content=\"index, follow, max-snippet:-1, max-image-preview:large, max-video-preview:-1\" \/>\n<link rel=\"canonical\" href=\"https:\/\/weldingantispatterliquidgel.com\/ru\/faq\/\" \/>\n<meta property=\"og:locale\" content=\"fr_FR\" \/>\n<meta property=\"og:type\" content=\"article\" \/>\n<meta property=\"og:title\" content=\"Frequently Asked Questions (FAQ) - Gel de pulv\u00e9risation liquide anti-\u00e9claboussures de soudure Sans silicone \u00e0 base d&#039;eau S\u00e9curitaire Non polluant\" \/>\n<meta property=\"og:url\" content=\"https:\/\/weldingantispatterliquidgel.com\/ru\/faq\/\" \/>\n<meta property=\"og:site_name\" content=\"Gel de pulv\u00e9risation liquide anti-\u00e9claboussures de soudure Sans silicone \u00e0 base d&#039;eau S\u00e9curitaire Non polluant\" \/>\n<meta property=\"article:publisher\" content=\"http:\/\/www.facebook.com\/novelsurface\" \/>\n<meta name=\"twitter:card\" content=\"summary_large_image\" \/>\n<meta name=\"twitter:site\" content=\"@novelsurface\" \/>\n<script type=\"application\/ld+json\" class=\"yoast-schema-graph\">{\"@context\":\"https:\\\/\\\/schema.org\",\"@graph\":[{\"@type\":\"WebPage\",\"@id\":\"https:\\\/\\\/weldingantispatterliquidgel.com\\\/ru\\\/faq\\\/\",\"url\":\"https:\\\/\\\/weldingantispatterliquidgel.com\\\/ru\\\/faq\\\/\",\"name\":\"Frequently Asked Questions (FAQ) - Gel de pulv\u00e9risation liquide anti-\u00e9claboussures de soudure Sans silicone \u00e0 base d&#039;eau S\u00e9curitaire Non polluant\",\"isPartOf\":{\"@id\":\"https:\\\/\\\/weldingantispatterliquidgel.com\\\/#website\"},\"datePublished\":\"2018-05-17T17:06:49+00:00\",\"breadcrumb\":{\"@id\":\"https:\\\/\\\/weldingantispatterliquidgel.com\\\/ru\\\/faq\\\/#breadcrumb\"},\"inLanguage\":\"fr-FR\",\"potentialAction\":[{\"@type\":\"ReadAction\",\"target\":[\"https:\\\/\\\/weldingantispatterliquidgel.com\\\/ru\\\/faq\\\/\"]}]},{\"@type\":\"BreadcrumbList\",\"@id\":\"https:\\\/\\\/weldingantispatterliquidgel.com\\\/ru\\\/faq\\\/#breadcrumb\",\"itemListElement\":[{\"@type\":\"ListItem\",\"position\":1,\"name\":\"Home\",\"item\":\"https:\\\/\\\/weldingantispatterliquidgel.com\\\/\"},{\"@type\":\"ListItem\",\"position\":2,\"name\":\"Frequently Asked Questions (FAQ)\"}]},{\"@type\":\"WebSite\",\"@id\":\"https:\\\/\\\/weldingantispatterliquidgel.com\\\/#website\",\"url\":\"https:\\\/\\\/weldingantispatterliquidgel.com\\\/\",\"name\":\"Welding Anti Spatter Liquid Spray Gel Silicone free Water based Safe Non polluting SPATFREE\",\"description\":\"Le plus grand fabricant de produits antigel anti-\u00e9claboussures, de pulv\u00e9risation et de gel de soudage sans silicone, \u00e0 base d&#039;eau et sans danger\",\"publisher\":{\"@id\":\"https:\\\/\\\/weldingantispatterliquidgel.com\\\/#organization\"},\"potentialAction\":[{\"@type\":\"SearchAction\",\"target\":{\"@type\":\"EntryPoint\",\"urlTemplate\":\"https:\\\/\\\/weldingantispatterliquidgel.com\\\/?s={search_term_string}\"},\"query-input\":{\"@type\":\"PropertyValueSpecification\",\"valueRequired\":true,\"valueName\":\"search_term_string\"}}],\"inLanguage\":\"fr-FR\"},{\"@type\":\"Organization\",\"@id\":\"https:\\\/\\\/weldingantispatterliquidgel.com\\\/#organization\",\"name\":\"NOVEL SURFACE TREATMENTS\",\"url\":\"https:\\\/\\\/weldingantispatterliquidgel.com\\\/\",\"logo\":{\"@type\":\"ImageObject\",\"inLanguage\":\"fr-FR\",\"@id\":\"https:\\\/\\\/weldingantispatterliquidgel.com\\\/#\\\/schema\\\/logo\\\/image\\\/\",\"url\":\"https:\\\/\\\/i0.wp.com\\\/weldingantispatterliquidgel.com\\\/wp-content\\\/uploads\\\/2018\\\/05\\\/logo.jpg?fit=281%2C269\",\"contentUrl\":\"https:\\\/\\\/i0.wp.com\\\/weldingantispatterliquidgel.com\\\/wp-content\\\/uploads\\\/2018\\\/05\\\/logo.jpg?fit=281%2C269\",\"width\":281,\"height\":269,\"caption\":\"NOVEL SURFACE TREATMENTS\"},\"image\":{\"@id\":\"https:\\\/\\\/weldingantispatterliquidgel.com\\\/#\\\/schema\\\/logo\\\/image\\\/\"},\"sameAs\":[\"http:\\\/\\\/www.facebook.com\\\/novelsurface\",\"https:\\\/\\\/x.com\\\/novelsurface\",\"https:\\\/\\\/in.linkedin.com\\\/company\\\/novel-surface-treatments\",\"https:\\\/\\\/www.youtube.com\\\/watch?v=9uQNcyEspLA\"]}]}<\/script>\n<!-- \/ Yoast SEO plugin. -->","yoast_head_json":{"title":"Frequently Asked Questions (FAQ) - Gel de pulv\u00e9risation liquide anti-\u00e9claboussures de soudure Sans silicone \u00e0 base d&#039;eau S\u00e9curitaire Non polluant","robots":{"index":"index","follow":"follow","max-snippet":"max-snippet:-1","max-image-preview":"max-image-preview:large","max-video-preview":"max-video-preview:-1"},"canonical":"https:\/\/weldingantispatterliquidgel.com\/ru\/faq\/","og_locale":"fr_FR","og_type":"article","og_title":"Frequently Asked Questions (FAQ) - Gel de pulv\u00e9risation liquide anti-\u00e9claboussures de soudure Sans silicone \u00e0 base d&#039;eau S\u00e9curitaire Non polluant","og_url":"https:\/\/weldingantispatterliquidgel.com\/ru\/faq\/","og_site_name":"Gel de pulv\u00e9risation liquide anti-\u00e9claboussures de soudure Sans silicone \u00e0 base d&#039;eau S\u00e9curitaire Non polluant","article_publisher":"http:\/\/www.facebook.com\/novelsurface","twitter_card":"summary_large_image","twitter_site":"@novelsurface","schema":{"@context":"https:\/\/schema.org","@graph":[{"@type":"WebPage","@id":"https:\/\/weldingantispatterliquidgel.com\/ru\/faq\/","url":"https:\/\/weldingantispatterliquidgel.com\/ru\/faq\/","name":"Frequently Asked Questions (FAQ) - Gel de pulv\u00e9risation liquide anti-\u00e9claboussures de soudure Sans silicone \u00e0 base d&#039;eau S\u00e9curitaire Non polluant","isPartOf":{"@id":"https:\/\/weldingantispatterliquidgel.com\/#website"},"datePublished":"2018-05-17T17:06:49+00:00","breadcrumb":{"@id":"https:\/\/weldingantispatterliquidgel.com\/ru\/faq\/#breadcrumb"},"inLanguage":"fr-FR","potentialAction":[{"@type":"ReadAction","target":["https:\/\/weldingantispatterliquidgel.com\/ru\/faq\/"]}]},{"@type":"BreadcrumbList","@id":"https:\/\/weldingantispatterliquidgel.com\/ru\/faq\/#breadcrumb","itemListElement":[{"@type":"ListItem","position":1,"name":"Home","item":"https:\/\/weldingantispatterliquidgel.com\/"},{"@type":"ListItem","position":2,"name":"Frequently Asked Questions (FAQ)"}]},{"@type":"WebSite","@id":"https:\/\/weldingantispatterliquidgel.com\/#website","url":"https:\/\/weldingantispatterliquidgel.com\/","name":"Welding Anti Spatter Liquid Spray Gel Silicone free Water based Safe Non polluting SPATFREE","description":"Le plus grand fabricant de produits antigel anti-\u00e9claboussures, de pulv\u00e9risation et de gel de soudage sans silicone, \u00e0 base d&#039;eau et sans danger","publisher":{"@id":"https:\/\/weldingantispatterliquidgel.com\/#organization"},"potentialAction":[{"@type":"SearchAction","target":{"@type":"EntryPoint","urlTemplate":"https:\/\/weldingantispatterliquidgel.com\/?s={search_term_string}"},"query-input":{"@type":"PropertyValueSpecification","valueRequired":true,"valueName":"search_term_string"}}],"inLanguage":"fr-FR"},{"@type":"Organization","@id":"https:\/\/weldingantispatterliquidgel.com\/#organization","name":"NOVEL SURFACE TREATMENTS","url":"https:\/\/weldingantispatterliquidgel.com\/","logo":{"@type":"ImageObject","inLanguage":"fr-FR","@id":"https:\/\/weldingantispatterliquidgel.com\/#\/schema\/logo\/image\/","url":"https:\/\/i0.wp.com\/weldingantispatterliquidgel.com\/wp-content\/uploads\/2018\/05\/logo.jpg?fit=281%2C269","contentUrl":"https:\/\/i0.wp.com\/weldingantispatterliquidgel.com\/wp-content\/uploads\/2018\/05\/logo.jpg?fit=281%2C269","width":281,"height":269,"caption":"NOVEL SURFACE TREATMENTS"},"image":{"@id":"https:\/\/weldingantispatterliquidgel.com\/#\/schema\/logo\/image\/"},"sameAs":["http:\/\/www.facebook.com\/novelsurface","https:\/\/x.com\/novelsurface","https:\/\/in.linkedin.com\/company\/novel-surface-treatments","https:\/\/www.youtube.com\/watch?v=9uQNcyEspLA"]}]}},"_links":{"self":[{"href":"https:\/\/weldingantispatterliquidgel.com\/fr\/wp-json\/wp\/v2\/pages\/235","targetHints":{"allow":["GET"]}}],"collection":[{"href":"https:\/\/weldingantispatterliquidgel.com\/fr\/wp-json\/wp\/v2\/pages"}],"about":[{"href":"https:\/\/weldingantispatterliquidgel.com\/fr\/wp-json\/wp\/v2\/types\/page"}],"author":[{"embeddable":true,"href":"https:\/\/weldingantispatterliquidgel.com\/fr\/wp-json\/wp\/v2\/users\/1"}],"replies":[{"embeddable":true,"href":"https:\/\/weldingantispatterliquidgel.com\/fr\/wp-json\/wp\/v2\/comments?post=235"}],"version-history":[{"count":1,"href":"https:\/\/weldingantispatterliquidgel.com\/fr\/wp-json\/wp\/v2\/pages\/235\/revisions"}],"predecessor-version":[{"id":307,"href":"https:\/\/weldingantispatterliquidgel.com\/fr\/wp-json\/wp\/v2\/pages\/235\/revisions\/307"}],"wp:attachment":[{"href":"https:\/\/weldingantispatterliquidgel.com\/fr\/wp-json\/wp\/v2\/media?parent=235"}],"curies":[{"name":"wp","href":"https:\/\/api.w.org\/{rel}","templated":true}]}}